{"id":19,"date":"2026-02-13T10:16:51","date_gmt":"2026-02-13T10:16:51","guid":{"rendered":"https:\/\/rosecarmen.com\/?page_id=19"},"modified":"2026-04-09T14:02:21","modified_gmt":"2026-04-09T14:02:21","slug":"mes-offres","status":"publish","type":"page","link":"https:\/\/rosecarmen.com\/index.php\/mes-offres\/","title":{"rendered":"Transformations"},"content":{"rendered":"<p>[et_pb_section fb_built=\u00a0\u00bb1&Prime; _builder_version=\u00a0\u00bb4.27.5&Prime; _module_preset=\u00a0\u00bbdefault\u00a0\u00bb background_color=\u00a0\u00bb#FFF5EC\u00a0\u00bb global_colors_info=\u00a0\u00bb{}\u00a0\u00bb][et_pb_row _builder_version=\u00a0\u00bb4.27.5&Prime; _module_preset=\u00a0\u00bbdefault\u00a0\u00bb global_colors_info=\u00a0\u00bb{}\u00a0\u00bb][et_pb_column type=\u00a0\u00bb4_4&Prime; _builder_version=\u00a0\u00bb4.27.5&Prime; _module_preset=\u00a0\u00bbdefault\u00a0\u00bb global_colors_info=\u00a0\u00bb{}\u00a0\u00bb][et_pb_post_title meta=\u00a0\u00bboff\u00a0\u00bb featured_image=\u00a0\u00bboff\u00a0\u00bb _builder_version=\u00a0\u00bb4.27.5&Prime; _module_preset=\u00a0\u00bbdefault\u00a0\u00bb title_font=\u00a0\u00bbPlayfair Display||||||||\u00a0\u00bb title_text_align=\u00a0\u00bbcenter\u00a0\u00bb title_text_color=\u00a0\u00bb#B11226&Prime; title_font_size=\u00a0\u00bb30px\u00a0\u00bb global_colors_info=\u00a0\u00bb{}\u00a0\u00bb][\/et_pb_post_title][\/et_pb_column][\/et_pb_row][et_pb_row column_structure=\u00a0\u00bb1_2,1_2&Prime; _builder_version=\u00a0\u00bb4.27.5&Prime; _module_preset=\u00a0\u00bbdefault\u00a0\u00bb global_colors_info=\u00a0\u00bb{}\u00a0\u00bb][et_pb_column type=\u00a0\u00bb1_2&Prime; _builder_version=\u00a0\u00bb4.27.5&Prime; _module_preset=\u00a0\u00bbdefault\u00a0\u00bb global_colors_info=\u00a0\u00bb{}\u00a0\u00bb][et_pb_text _builder_version=\u00a0\u00bb4.27.5&Prime; _module_preset=\u00a0\u00bbdefault\u00a0\u00bb text_font=\u00a0\u00bbPoppins||||||||\u00a0\u00bb text_text_color=\u00a0\u00bb#5A3E36&Prime; header_3_font=\u00a0\u00bbPlayfair Display||||||||\u00a0\u00bb header_3_text_color=\u00a0\u00bb#B11226&Prime; header_3_font_size=\u00a0\u00bb25px\u00a0\u00bb text_orientation=\u00a0\u00bbjustified\u00a0\u00bb global_colors_info=\u00a0\u00bb{}\u00a0\u00bb]<\/p>\n<h3><b>T\u00c9MOIGNAGE DE ROMAIN<\/b><b><br \/><\/b><\/h3>\n<p><span style=\"font-weight: 400;\"><\/span><\/p>\n<p><span style=\"font-weight: 400;\">\u00ab\u00a0Un accompagnement exceptionnel et une v\u00e9ritable transformation !<\/span><\/p>\n<p><span style=\"font-weight: 400;\">J\u2019ai fait appel \u00e0 Rose Carmen car, \u00e0 un peu plus de trente ans, j\u2019avais le sentiment que mon apparence ne refl\u00e9tait pas vraiment la personne que je suis devenu. On me prenait souvent pour un \u00e9tudiant ou un adolescent, et cela commen\u00e7ait \u00e0 peser aussi bien dans ma vie professionnelle que personnelle.<\/span><\/p>\n<p><span style=\"font-weight: 400;\">D\u00e8s notre premi\u00e8re rencontre, M\u00e9lody a su cerner ma personnalit\u00e9, mes objectifs et ce que je voulais vraiment renvoyer comme image. Son \u00e9coute, son regard bienveillant et surtout sa capacit\u00e9 \u00e0 traduire une identit\u00e9 en style vestimentaire m\u2019ont bluff\u00e9.<\/span><\/p>\n<p><span style=\"font-weight: 400;\">Gr\u00e2ce \u00e0 elle, j\u2019ai red\u00e9couvert le plaisir de m\u2019habiller, de me reconna\u00eetre dans le miroir, et de me sentir enfin align\u00e9 avec l\u2019image que je renvoie. Elle a su cr\u00e9er une identit\u00e9 visuelle coh\u00e9rente, affirm\u00e9e et naturelle, sans jamais me faire sentir d\u00e9guis\u00e9 ou forc\u00e9.<\/span><\/p>\n<p><span style=\"font-weight: 400;\">Aujourd\u2019hui, je me sens plus s\u00fbr de moi, plus cr\u00e9dible, et surtout plus authentique.<\/span><\/p>\n<p><span style=\"font-weight: 400;\">Je recommande vivement son accompagnement \u00e0 toute personne souhaitant faire \u00e9voluer son image avec \u00e9l\u00e9gance, subtilit\u00e9 et confiance.\u00a0\u00bb<\/span><\/p>\n<p>[\/et_pb_text][\/et_pb_column][et_pb_column type=\u00a0\u00bb1_2&Prime; _builder_version=\u00a0\u00bb4.27.5&Prime; _module_preset=\u00a0\u00bbdefault\u00a0\u00bb global_colors_info=\u00a0\u00bb{}\u00a0\u00bb][et_pb_image src=\u00a0\u00bbhttps:\/\/rosecarmen.com\/wp-content\/uploads\/2026\/04\/Design-sans-titre-26.png\u00a0\u00bb title_text=\u00a0\u00bbDesign sans titre-26&Prime; _builder_version=\u00a0\u00bb4.27.5&Prime; _module_preset=\u00a0\u00bbdefault\u00a0\u00bb global_colors_info=\u00a0\u00bb{}\u00a0\u00bb][\/et_pb_image][\/et_pb_column][\/et_pb_row][et_pb_row column_structure=\u00a0\u00bb1_2,1_2&Prime; _builder_version=\u00a0\u00bb4.27.5&Prime; _module_preset=\u00a0\u00bbdefault\u00a0\u00bb global_colors_info=\u00a0\u00bb{}\u00a0\u00bb][et_pb_column type=\u00a0\u00bb1_2&Prime; _builder_version=\u00a0\u00bb4.27.5&Prime; _module_preset=\u00a0\u00bbdefault\u00a0\u00bb global_colors_info=\u00a0\u00bb{}\u00a0\u00bb][et_pb_image src=\u00a0\u00bbhttps:\/\/rosecarmen.com\/wp-content\/uploads\/2026\/02\/2.png\u00a0\u00bb title_text=\u00a0\u00bb2&Prime; _builder_version=\u00a0\u00bb4.27.5&Prime; _module_preset=\u00a0\u00bbdefault\u00a0\u00bb global_colors_info=\u00a0\u00bb{}\u00a0\u00bb][\/et_pb_image][\/et_pb_column][et_pb_column type=\u00a0\u00bb1_2&Prime; _builder_version=\u00a0\u00bb4.27.5&Prime; _module_preset=\u00a0\u00bbdefault\u00a0\u00bb global_colors_info=\u00a0\u00bb{}\u00a0\u00bb][et_pb_text _builder_version=\u00a0\u00bb4.27.5&Prime; _module_preset=\u00a0\u00bbdefault\u00a0\u00bb text_font=\u00a0\u00bbPoppins||||||||\u00a0\u00bb text_text_color=\u00a0\u00bb#5A3E36&Prime; header_3_font=\u00a0\u00bbPlayfair Display||||||||\u00a0\u00bb header_3_text_color=\u00a0\u00bb#B11226&Prime; header_3_font_size=\u00a0\u00bb25px\u00a0\u00bb text_orientation=\u00a0\u00bbjustified\u00a0\u00bb global_colors_info=\u00a0\u00bb{}\u00a0\u00bb]<\/p>\n<h3><b>T\u00c9MOIGNAGE D&rsquo;ORNELLA<\/b><b><br \/><\/b><\/h3>\n<p><span style=\"font-weight: 400;\"><\/span><\/p>\n<p><span style=\"font-weight: 400;\">\u00ab\u00a0Un accompagnement complet o\u00f9 j&rsquo;ai pu d\u00e9couvrir mes couleurs, ma silhouette, comment me mettre en beaut\u00e9 gr\u00e2ce au maquillage, trier mon dressing et enfin ma prestation pr\u00e9f\u00e9r\u00e9e : l&rsquo;accompagnement shopping. Un moment de partage avec M\u00e9lody, o\u00f9 tout le travail \u00e9tabli avant prend enfin forme. Se voir autrement, poser un regard plus doux sur soi, et continuer en toute autonomie avec les bonnes cl\u00e9s. Je remercie de tout coeur M\u00e9lody, une v\u00e9ritable f\u00e9e de la mode pour sa gentillesse ainsi que son expertise.\u00a0\u00bb<\/span><\/p>\n<p>[\/et_pb_text][\/et_pb_column][\/et_pb_row][et_pb_row column_structure=\u00a0\u00bb1_2,1_2&Prime; _builder_version=\u00a0\u00bb4.27.5&Prime; _module_preset=\u00a0\u00bbdefault\u00a0\u00bb global_colors_info=\u00a0\u00bb{}\u00a0\u00bb][et_pb_column type=\u00a0\u00bb1_2&Prime; _builder_version=\u00a0\u00bb4.27.5&Prime; _module_preset=\u00a0\u00bbdefault\u00a0\u00bb global_colors_info=\u00a0\u00bb{}\u00a0\u00bb][et_pb_text _builder_version=\u00a0\u00bb4.27.5&Prime; _module_preset=\u00a0\u00bbdefault\u00a0\u00bb text_font=\u00a0\u00bbPoppins||||||||\u00a0\u00bb text_text_color=\u00a0\u00bb#5A3E36&Prime; header_3_font=\u00a0\u00bbPlayfair Display||||||||\u00a0\u00bb header_3_text_color=\u00a0\u00bb#B11226&Prime; header_3_font_size=\u00a0\u00bb25px\u00a0\u00bb text_orientation=\u00a0\u00bbjustified\u00a0\u00bb global_colors_info=\u00a0\u00bb{}\u00a0\u00bb]<\/p>\n<h3><b>T\u00c9MOIGNAGE DE L\u00c9A<\/b><b><br \/><\/b><\/h3>\n<p><span style=\"font-weight: 400;\"><\/span><\/p>\n<p><span style=\"font-weight: 400;\">\u00ab\u00a0Gr\u00e2ce \u00e0 ses s\u00e9ances de colorim\u00e9trie, j\u2019ai d\u00e9couvert et adopt\u00e9 des couleurs auxquelles je n\u2019aurais jamais pens\u00e9 ! Elle prend vraiment le temps d\u2019expliquer, de guider et de mettre en confiance, ce qui permet de comprendre ce qui nous met en valeur. Son regard professionnel et sa douceur rendent l\u2019exp\u00e9rience \u00e0 la fois enrichissante et tr\u00e8s agr\u00e9able. Je ressors avec une palette qui me ressemble vraiment. Je recommande sans h\u00e9siter !\u00a0\u00bb<\/span><\/p>\n<p>[\/et_pb_text][\/et_pb_column][et_pb_column type=\u00a0\u00bb1_2&Prime; _builder_version=\u00a0\u00bb4.27.5&Prime; _module_preset=\u00a0\u00bbdefault\u00a0\u00bb global_colors_info=\u00a0\u00bb{}\u00a0\u00bb][et_pb_image src=\u00a0\u00bbhttps:\/\/rosecarmen.com\/wp-content\/uploads\/2026\/02\/1.png\u00a0\u00bb title_text=\u00a0\u00bb1&Prime; _builder_version=\u00a0\u00bb4.27.5&Prime; _module_preset=\u00a0\u00bbdefault\u00a0\u00bb global_colors_info=\u00a0\u00bb{}\u00a0\u00bb][\/et_pb_image][\/et_pb_column][\/et_pb_row][et_pb_row _builder_version=\u00a0\u00bb4.27.5&Prime; _module_preset=\u00a0\u00bbdefault\u00a0\u00bb global_colors_info=\u00a0\u00bb{}\u00a0\u00bb][et_pb_column type=\u00a0\u00bb4_4&Prime; _builder_version=\u00a0\u00bb4.27.5&Prime; _module_preset=\u00a0\u00bbdefault\u00a0\u00bb global_colors_info=\u00a0\u00bb{}\u00a0\u00bb][et_pb_button button_url=\u00a0\u00bbhttps:\/\/calendly.com\/rosecarmen-conseil\/30min\u00a0\u00bb button_text=\u00a0\u00bbR\u00e9server une prestation\u00a0\u00bb button_alignment=\u00a0\u00bbcenter\u00a0\u00bb _builder_version=\u00a0\u00bb4.27.5&Prime; _module_preset=\u00a0\u00bbdefault\u00a0\u00bb custom_button=\u00a0\u00bbon\u00a0\u00bb button_text_color=\u00a0\u00bb#FFF5EC\u00a0\u00bb button_bg_color=\u00a0\u00bb#B11226&Prime; button_border_width=\u00a0\u00bb0px\u00a0\u00bb button_font=\u00a0\u00bbPlayfair Display||||||||\u00a0\u00bb hover_enabled=\u00a0\u00bb0&Prime; global_colors_info=\u00a0\u00bb{}\u00a0\u00bb sticky_enabled=\u00a0\u00bb0&Prime;][\/et_pb_button][\/et_pb_column][\/et_pb_row][\/et_pb_section]<\/p>\n","protected":false},"excerpt":{"rendered":"<p>T\u00c9MOIGNAGE DE ROMAIN \u00ab\u00a0Un accompagnement exceptionnel et une v\u00e9ritable transformation ! J\u2019ai fait appel \u00e0 Rose Carmen car, \u00e0 un peu plus de trente ans, j\u2019avais le sentiment que mon apparence ne refl\u00e9tait pas vraiment la personne que je suis devenu. On me prenait souvent pour un \u00e9tudiant ou un adolescent, et cela commen\u00e7ait \u00e0 [&hellip;]<\/p>\n","protected":false},"author":1,"featured_media":0,"parent":0,"menu_order":0,"comment_status":"closed","ping_status":"closed","template":"","meta":{"_et_pb_use_builder":"on","_et_pb_old_content":"<!-- wp:divi\/placeholder \/-->","_et_gb_content_width":"","footnotes":""},"class_list":["post-19","page","type-page","status-publish","hentry"],"_links":{"self":[{"href":"https:\/\/rosecarmen.com\/index.php\/wp-json\/wp\/v2\/pages\/19","targetHints":{"allow":["GET"]}}],"collection":[{"href":"https:\/\/rosecarmen.com\/index.php\/wp-json\/wp\/v2\/pages"}],"about":[{"href":"https:\/\/rosecarmen.com\/index.php\/wp-json\/wp\/v2\/types\/page"}],"author":[{"embeddable":true,"href":"https:\/\/rosecarmen.com\/index.php\/wp-json\/wp\/v2\/users\/1"}],"replies":[{"embeddable":true,"href":"https:\/\/rosecarmen.com\/index.php\/wp-json\/wp\/v2\/comments?post=19"}],"version-history":[{"count":11,"href":"https:\/\/rosecarmen.com\/index.php\/wp-json\/wp\/v2\/pages\/19\/revisions"}],"predecessor-version":[{"id":365,"href":"https:\/\/rosecarmen.com\/index.php\/wp-json\/wp\/v2\/pages\/19\/revisions\/365"}],"wp:attachment":[{"href":"https:\/\/rosecarmen.com\/index.php\/wp-json\/wp\/v2\/media?parent=19"}],"curies":[{"name":"wp","href":"https:\/\/api.w.org\/{rel}","templated":true}]}}