{"id":262,"date":"2026-04-08T14:12:49","date_gmt":"2026-04-08T14:12:49","guid":{"rendered":"https:\/\/rosecarmen.com\/?post_type=product&#038;p=262"},"modified":"2026-04-08T14:12:49","modified_gmt":"2026-04-08T14:12:49","slug":"color-show-ta-colorimetrie","status":"publish","type":"product","link":"https:\/\/rosecarmen.com\/index.php\/produit\/color-show-ta-colorimetrie\/","title":{"rendered":"COLOR SHOW-Ta colorim\u00e9trie"},"content":{"rendered":"<p><b>R\u00e9v\u00e8le les couleurs qui te font rayonner like a diamond<\/b><b><br \/>\n<\/b><span style=\"font-weight: 400;\">Dur\u00e9e : 1h30 \u2022 90 \u20ac \u2022 Pr\u00e9sentiel ou \u00e0 distance<\/span><span style=\"font-weight: 400;\"><br \/>\n<\/span><span style=\"font-weight: 400;\">Le Color Show est une exploration personnalis\u00e9e de ta colorim\u00e9trie.<\/span><span style=\"font-weight: 400;\"><br \/>\n<\/span><span style=\"font-weight: 400;\">On analyse les nuances qui illuminent ton teint, adoucissent tes traits et renforcent ta pr\u00e9sence naturelle.<\/span><span style=\"font-weight: 400;\"><br \/>\n<\/span><span style=\"font-weight: 400;\">Fini les h\u00e9sitations devant un v\u00eatement sublime sur cintre mais terne une fois port\u00e9.<\/span><span style=\"font-weight: 400;\"><br \/>\n<\/span><span style=\"font-weight: 400;\">Tu comprends enfin pourquoi certaines couleurs t\u2019\u00e9teignent\u2026 et pourquoi d\u2019autres te magn\u00e9tisent.<\/span><span style=\"font-weight: 400;\"><br \/>\n<\/span><b>La formule comprend :<\/b><b><br \/>\n<\/b><span style=\"font-weight: 400;\">\u2022 Analyse de ta carnation et de ton contraste<\/span><span style=\"font-weight: 400;\"><br \/>\n<\/span><span style=\"font-weight: 400;\">\u2022 D\u00e9termination de ta saison de colorim\u00e9trie selon la m\u00e9thode des 12 saisons<\/span><span style=\"font-weight: 400;\"><br \/>\n<\/span><span style=\"font-weight: 400;\">\u2022 Test de diff\u00e9rentes harmonies de couleurs<\/span><span style=\"font-weight: 400;\"><br \/>\n<\/span><span style=\"font-weight: 400;\">\u2022 Conseils personnalis\u00e9s pour v\u00eatements, bijoux, coloration et maquillage<\/span><span style=\"font-weight: 400;\"><br \/>\n<\/span><span style=\"font-weight: 400;\">\u2022 Ta palette de couleurs au format PDF<\/span><\/p>\n","protected":false},"excerpt":{"rendered":"<p>R\u00e9v\u00e8le les couleurs qui te font rayonner like a diamond Dur\u00e9e : 1h30 \u2022 90 \u20ac \u2022 Pr\u00e9sentiel ou \u00e0 distance Le Color Show est une exploration personnalis\u00e9e de ta colorim\u00e9trie. On analyse les nuances qui illuminent ton teint, adoucissent tes traits et renforcent ta pr\u00e9sence naturelle. Fini les h\u00e9sitations devant un v\u00eatement sublime sur [&hellip;]<\/p>\n","protected":false},"featured_media":128,"comment_status":"open","ping_status":"closed","template":"","meta":{"_et_pb_use_builder":"","_et_pb_old_content":"","_et_gb_content_width":""},"product_brand":[],"product_cat":[15],"product_tag":[],"class_list":{"0":"post-262","1":"product","2":"type-product","3":"status-publish","4":"has-post-thumbnail","6":"product_cat-non-classe","8":"first","9":"instock","10":"shipping-taxable","11":"purchasable","12":"product-type-simple"},"_links":{"self":[{"href":"https:\/\/rosecarmen.com\/index.php\/wp-json\/wp\/v2\/product\/262","targetHints":{"allow":["GET"]}}],"collection":[{"href":"https:\/\/rosecarmen.com\/index.php\/wp-json\/wp\/v2\/product"}],"about":[{"href":"https:\/\/rosecarmen.com\/index.php\/wp-json\/wp\/v2\/types\/product"}],"replies":[{"embeddable":true,"href":"https:\/\/rosecarmen.com\/index.php\/wp-json\/wp\/v2\/comments?post=262"}],"wp:featuredmedia":[{"embeddable":true,"href":"https:\/\/rosecarmen.com\/index.php\/wp-json\/wp\/v2\/media\/128"}],"wp:attachment":[{"href":"https:\/\/rosecarmen.com\/index.php\/wp-json\/wp\/v2\/media?parent=262"}],"wp:term":[{"taxonomy":"product_brand","embeddable":true,"href":"https:\/\/rosecarmen.com\/index.php\/wp-json\/wp\/v2\/product_brand?post=262"},{"taxonomy":"product_cat","embeddable":true,"href":"https:\/\/rosecarmen.com\/index.php\/wp-json\/wp\/v2\/product_cat?post=262"},{"taxonomy":"product_tag","embeddable":true,"href":"https:\/\/rosecarmen.com\/index.php\/wp-json\/wp\/v2\/product_tag?post=262"}],"curies":[{"name":"wp","href":"https:\/\/api.w.org\/{rel}","templated":true}]}}