{"id":263,"date":"2026-04-08T14:13:22","date_gmt":"2026-04-08T14:13:22","guid":{"rendered":"https:\/\/rosecarmen.com\/?post_type=product&#038;p=263"},"modified":"2026-04-08T14:13:34","modified_gmt":"2026-04-08T14:13:34","slug":"style-glow-ton-analyse-morpho-et-style","status":"publish","type":"product","link":"https:\/\/rosecarmen.com\/index.php\/produit\/style-glow-ton-analyse-morpho-et-style\/","title":{"rendered":"STYLE GLOW- Ton analyse morpho et style"},"content":{"rendered":"<p><b>Harmonise ta silhouette, d\u00e9couvre ton style signature<\/b><b><br \/>\n<\/b><span style=\"font-weight: 400;\">Dur\u00e9e : 1h \u2022 75 \u20ac \u2022 Pr\u00e9sentiel ou \u00e0 distance<\/span><span style=\"font-weight: 400;\"><br \/>\n<\/span><span style=\"font-weight: 400;\">Le Style Glow t\u2019aide \u00e0 comprendre ta morphologie et les lignes qui structurent ta silhouette.<\/span><span style=\"font-weight: 400;\"><br \/>\n<\/span><span style=\"font-weight: 400;\">On ne parle pas de cacher. On parle d\u2019\u00e9quilibrer, r\u00e9v\u00e9ler, assumer.<\/span><span style=\"font-weight: 400;\"><br \/>\n<\/span><span style=\"font-weight: 400;\">Tu repars avec des rep\u00e8res clairs pour choisir les bonnes coupes, les bonnes mati\u00e8res et les bons volumes.<\/span><span style=\"font-weight: 400;\"><br \/>\n<\/span><b>La formule comprend :<\/b><b><br \/>\n<\/b><span style=\"font-weight: 400;\">\u2022 Analyse de ta morphologie<\/span><span style=\"font-weight: 400;\"><br \/>\n<\/span><span style=\"font-weight: 400;\">\u2022 Identification de ton psycho-style dominant et secondaire\u00a0 \u2022 Recommandations de mati\u00e8res et imprim\u00e9s <\/span><span style=\"font-weight: 400;\"><br \/>\n<\/span><span style=\"font-weight: 400;\">\u2022 Un book personnalis\u00e9 au format PDF<\/span><\/p>\n","protected":false},"excerpt":{"rendered":"<p>Harmonise ta silhouette, d\u00e9couvre ton style signature Dur\u00e9e : 1h \u2022 75 \u20ac \u2022 Pr\u00e9sentiel ou \u00e0 distance Le Style Glow t\u2019aide \u00e0 comprendre ta morphologie et les lignes qui structurent ta silhouette. On ne parle pas de cacher. On parle d\u2019\u00e9quilibrer, r\u00e9v\u00e9ler, assumer. Tu repars avec des rep\u00e8res clairs pour choisir les bonnes coupes, [&hellip;]<\/p>\n","protected":false},"featured_media":125,"comment_status":"open","ping_status":"closed","template":"","meta":{"_et_pb_use_builder":"","_et_pb_old_content":"","_et_gb_content_width":""},"product_brand":[],"product_cat":[15],"product_tag":[],"class_list":{"0":"post-263","1":"product","2":"type-product","3":"status-publish","4":"has-post-thumbnail","6":"product_cat-non-classe","8":"first","9":"instock","10":"shipping-taxable","11":"purchasable","12":"product-type-simple"},"_links":{"self":[{"href":"https:\/\/rosecarmen.com\/index.php\/wp-json\/wp\/v2\/product\/263","targetHints":{"allow":["GET"]}}],"collection":[{"href":"https:\/\/rosecarmen.com\/index.php\/wp-json\/wp\/v2\/product"}],"about":[{"href":"https:\/\/rosecarmen.com\/index.php\/wp-json\/wp\/v2\/types\/product"}],"replies":[{"embeddable":true,"href":"https:\/\/rosecarmen.com\/index.php\/wp-json\/wp\/v2\/comments?post=263"}],"wp:featuredmedia":[{"embeddable":true,"href":"https:\/\/rosecarmen.com\/index.php\/wp-json\/wp\/v2\/media\/125"}],"wp:attachment":[{"href":"https:\/\/rosecarmen.com\/index.php\/wp-json\/wp\/v2\/media?parent=263"}],"wp:term":[{"taxonomy":"product_brand","embeddable":true,"href":"https:\/\/rosecarmen.com\/index.php\/wp-json\/wp\/v2\/product_brand?post=263"},{"taxonomy":"product_cat","embeddable":true,"href":"https:\/\/rosecarmen.com\/index.php\/wp-json\/wp\/v2\/product_cat?post=263"},{"taxonomy":"product_tag","embeddable":true,"href":"https:\/\/rosecarmen.com\/index.php\/wp-json\/wp\/v2\/product_tag?post=263"}],"curies":[{"name":"wp","href":"https:\/\/api.w.org\/{rel}","templated":true}]}}