{"id":264,"date":"2026-04-08T14:14:11","date_gmt":"2026-04-08T14:14:11","guid":{"rendered":"https:\/\/rosecarmen.com\/?post_type=product&#038;p=264"},"modified":"2026-04-08T14:14:11","modified_gmt":"2026-04-08T14:14:11","slug":"dressing-wow-tri-de-dressing","status":"publish","type":"product","link":"https:\/\/rosecarmen.com\/index.php\/produit\/dressing-wow-tri-de-dressing\/","title":{"rendered":"DRESSING WOW-Tri de dressing"},"content":{"rendered":"<p><b>Optimise, harmonise et transforme ton placard<\/b><b><br \/>\n<\/b><span style=\"font-weight: 400;\">Dur\u00e9e : 3h \u2022 210\u20ac <\/span><span style=\"font-weight: 400;\"><br \/>\n<\/span><span style=\"font-weight: 400;\">On entre dans ton dressing et on le fait respirer.<\/span><span style=\"font-weight: 400;\"><br \/>\n<\/span><span style=\"font-weight: 400;\">On trie avec m\u00e9thode, on identifie les p\u00e9pites oubli\u00e9es et on cr\u00e9e de nouvelles associations.<\/span><span style=\"font-weight: 400;\"><br \/>\n<\/span><span style=\"font-weight: 400;\">Ton placard devient strat\u00e9gique o\u00f9 chaque pi\u00e8ce a un r\u00f4le.<\/span><span style=\"font-weight: 400;\"><br \/>\n<\/span><b>La formule comprend :<\/b><b><br \/>\n<\/b><span style=\"font-weight: 400;\">\u2022 Tri guid\u00e9 et structur\u00e9 du dressing<\/span><span style=\"font-weight: 400;\"><br \/>\n<\/span><span style=\"font-weight: 400;\">\u2022 Analyse des pi\u00e8ces compatibles avec ta colorim\u00e9trie et ta morphologie<\/span><span style=\"font-weight: 400;\"><br \/>\n<\/span><span style=\"font-weight: 400;\">\u2022 Identification des basiques manquants<\/span><span style=\"font-weight: 400;\"><br \/>\n<\/span><span style=\"font-weight: 400;\">\u2022 Cr\u00e9ation de nouvelles associations de tenues<\/span><span style=\"font-weight: 400;\"><br \/>\n<\/span><span style=\"font-weight: 400;\">\u2022 Liste des pi\u00e8ces \u00e0 remplacer<\/span><span style=\"font-weight: 400;\"><br \/>\n<\/span><span style=\"font-weight: 400;\">\u2022 Conseils d\u2019organisation<\/span><\/p>\n","protected":false},"excerpt":{"rendered":"<p>Optimise, harmonise et transforme ton placard Dur\u00e9e : 3h \u2022 210\u20ac On entre dans ton dressing et on le fait respirer. On trie avec m\u00e9thode, on identifie les p\u00e9pites oubli\u00e9es et on cr\u00e9e de nouvelles associations. Ton placard devient strat\u00e9gique o\u00f9 chaque pi\u00e8ce a un r\u00f4le. La formule comprend : \u2022 Tri guid\u00e9 et structur\u00e9 [&hellip;]<\/p>\n","protected":false},"featured_media":127,"comment_status":"open","ping_status":"closed","template":"","meta":{"_et_pb_use_builder":"","_et_pb_old_content":"","_et_gb_content_width":""},"product_brand":[],"product_cat":[15],"product_tag":[],"class_list":{"0":"post-264","1":"product","2":"type-product","3":"status-publish","4":"has-post-thumbnail","6":"product_cat-non-classe","8":"first","9":"instock","10":"shipping-taxable","11":"purchasable","12":"product-type-simple"},"_links":{"self":[{"href":"https:\/\/rosecarmen.com\/index.php\/wp-json\/wp\/v2\/product\/264","targetHints":{"allow":["GET"]}}],"collection":[{"href":"https:\/\/rosecarmen.com\/index.php\/wp-json\/wp\/v2\/product"}],"about":[{"href":"https:\/\/rosecarmen.com\/index.php\/wp-json\/wp\/v2\/types\/product"}],"replies":[{"embeddable":true,"href":"https:\/\/rosecarmen.com\/index.php\/wp-json\/wp\/v2\/comments?post=264"}],"wp:featuredmedia":[{"embeddable":true,"href":"https:\/\/rosecarmen.com\/index.php\/wp-json\/wp\/v2\/media\/127"}],"wp:attachment":[{"href":"https:\/\/rosecarmen.com\/index.php\/wp-json\/wp\/v2\/media?parent=264"}],"wp:term":[{"taxonomy":"product_brand","embeddable":true,"href":"https:\/\/rosecarmen.com\/index.php\/wp-json\/wp\/v2\/product_brand?post=264"},{"taxonomy":"product_cat","embeddable":true,"href":"https:\/\/rosecarmen.com\/index.php\/wp-json\/wp\/v2\/product_cat?post=264"},{"taxonomy":"product_tag","embeddable":true,"href":"https:\/\/rosecarmen.com\/index.php\/wp-json\/wp\/v2\/product_tag?post=264"}],"curies":[{"name":"wp","href":"https:\/\/api.w.org\/{rel}","templated":true}]}}