{"id":266,"date":"2026-04-08T14:15:27","date_gmt":"2026-04-08T14:15:27","guid":{"rendered":"https:\/\/rosecarmen.com\/?post_type=product&#038;p=266"},"modified":"2026-04-08T14:15:27","modified_gmt":"2026-04-08T14:15:27","slug":"pack-full-glow-le-relooking-total","status":"publish","type":"product","link":"https:\/\/rosecarmen.com\/index.php\/produit\/pack-full-glow-le-relooking-total\/","title":{"rendered":"Pack FULL GLOW \u2013 Le relooking total"},"content":{"rendered":"<p><b>Transforme ton style, explore tes couleurs, optimise ton dressing et compl\u00e8te ton look avec intention.<\/b><\/p>\n<h3><b>Prestations incluses :<\/b><\/h3>\n<ol>\n<li style=\"font-weight: 400;\" aria-level=\"1\"><b>Color Show<\/b><span style=\"font-weight: 400;\"> \u2013 1h30 \u2022 90 \u20ac<\/span><span style=\"font-weight: 400;\"><br \/>\n<\/span><span style=\"font-weight: 400;\">Analyse colorim\u00e9trique personnalis\u00e9e pour d\u00e9couvrir les couleurs qui illuminent ton teint et subliment ton style.<\/span><\/li>\n<li style=\"font-weight: 400;\" aria-level=\"1\"><b>Style Glow<\/b><span style=\"font-weight: 400;\"> \u2013 1h \u2022 75 \u20ac<\/span><span style=\"font-weight: 400;\"><br \/>\n<\/span><span style=\"font-weight: 400;\">Analyse morphologique et conseils style pour harmoniser ta silhouette et d\u00e9finir tes rep\u00e8res vestimentaires.<\/span><\/li>\n<li style=\"font-weight: 400;\" aria-level=\"1\"><b>Dressing Wow<\/b><span style=\"font-weight: 400;\"> \u2013 3h \u2022 210 \u20ac<\/span><span style=\"font-weight: 400;\"><br \/>\n<\/span><span style=\"font-weight: 400;\">Tri, optimisation et nouvelles associations dans ton dressing pour des tenues coh\u00e9rentes et faciles \u00e0 porter.<\/span><\/li>\n<li style=\"font-weight: 400;\" aria-level=\"1\"><b>Shopping Flow<\/b><span style=\"font-weight: 400;\"> \u2013 3h \u2022 210 \u20ac<\/span><span style=\"font-weight: 400;\"><br \/>\n<\/span><span style=\"font-weight: 400;\">Personal shopping accompagn\u00e9 pour s\u00e9lectionner des pi\u00e8ces align\u00e9es avec tes couleurs, ta morphologie et ton style.<\/span><\/li>\n<\/ol>\n<h3><b>Tarif Pack : 570 \u20ac ou 3&#215;190\u20ac<\/b><\/h3>\n<p><b>Dur\u00e9e totale : 8h30<\/b><b><br \/>\n<\/b><i><span style=\"font-weight: 400;\">(pr\u00e9sentiel ou \u00e0 distance au choix)<\/span><\/i><\/p>\n<h3><b>Ce pack comprend :<\/b><\/h3>\n<p><span style=\"font-weight: 400;\">\u2714 Analyse compl\u00e8te de ta colorim\u00e9trie<\/span><span style=\"font-weight: 400;\"><br \/>\n<\/span><span style=\"font-weight: 400;\">\u2714 \u00c9tude de ta morphologie et de ton style<\/span><span style=\"font-weight: 400;\"><br \/>\n<\/span><span style=\"font-weight: 400;\">\u2714 Tri et optimisation de ton dressing<\/span><span style=\"font-weight: 400;\"><br \/>\n<\/span><span style=\"font-weight: 400;\">\u2714 Cr\u00e9ation de looks personnalis\u00e9s<\/span><span style=\"font-weight: 400;\"><br \/>\n<\/span><span style=\"font-weight: 400;\">\u2714 Accompagnement pour des achats r\u00e9fl\u00e9chis et align\u00e9s<\/span><\/p>\n","protected":false},"excerpt":{"rendered":"<p>Transforme ton style, explore tes couleurs, optimise ton dressing et compl\u00e8te ton look avec intention. Prestations incluses : Color Show \u2013 1h30 \u2022 90 \u20ac Analyse colorim\u00e9trique personnalis\u00e9e pour d\u00e9couvrir les couleurs qui illuminent ton teint et subliment ton style. Style Glow \u2013 1h \u2022 75 \u20ac Analyse morphologique et conseils style pour harmoniser ta [&hellip;]<\/p>\n","protected":false},"featured_media":129,"comment_status":"open","ping_status":"closed","template":"","meta":{"_et_pb_use_builder":"","_et_pb_old_content":"","_et_gb_content_width":""},"product_brand":[],"product_cat":[15],"product_tag":[],"class_list":{"0":"post-266","1":"product","2":"type-product","3":"status-publish","4":"has-post-thumbnail","6":"product_cat-non-classe","8":"first","9":"instock","10":"shipping-taxable","11":"purchasable","12":"product-type-simple"},"_links":{"self":[{"href":"https:\/\/rosecarmen.com\/index.php\/wp-json\/wp\/v2\/product\/266","targetHints":{"allow":["GET"]}}],"collection":[{"href":"https:\/\/rosecarmen.com\/index.php\/wp-json\/wp\/v2\/product"}],"about":[{"href":"https:\/\/rosecarmen.com\/index.php\/wp-json\/wp\/v2\/types\/product"}],"replies":[{"embeddable":true,"href":"https:\/\/rosecarmen.com\/index.php\/wp-json\/wp\/v2\/comments?post=266"}],"wp:featuredmedia":[{"embeddable":true,"href":"https:\/\/rosecarmen.com\/index.php\/wp-json\/wp\/v2\/media\/129"}],"wp:attachment":[{"href":"https:\/\/rosecarmen.com\/index.php\/wp-json\/wp\/v2\/media?parent=266"}],"wp:term":[{"taxonomy":"product_brand","embeddable":true,"href":"https:\/\/rosecarmen.com\/index.php\/wp-json\/wp\/v2\/product_brand?post=266"},{"taxonomy":"product_cat","embeddable":true,"href":"https:\/\/rosecarmen.com\/index.php\/wp-json\/wp\/v2\/product_cat?post=266"},{"taxonomy":"product_tag","embeddable":true,"href":"https:\/\/rosecarmen.com\/index.php\/wp-json\/wp\/v2\/product_tag?post=266"}],"curies":[{"name":"wp","href":"https:\/\/api.w.org\/{rel}","templated":true}]}}